{"id":382,"date":"2019-01-20T22:51:58","date_gmt":"2019-01-21T00:51:58","guid":{"rendered":"https:\/\/caoduzir.com\/blog\/?page_id=382"},"modified":"2022-05-05T18:06:13","modified_gmt":"2022-05-05T21:06:13","slug":"dog-walk-passeios-educativos","status":"publish","type":"page","link":"https:\/\/caoduzir.com\/blog\/dog-walk-passeios-educativos\/","title":{"rendered":"Dog Walk \/ Passeios Educativos"},"content":{"rendered":"\t\t<div data-elementor-type=\"wp-post\" data-elementor-id=\"382\" class=\"elementor elementor-382\">\n\t\t\t\t\t\t<section class=\"elementor-section elementor-top-section elementor-element elementor-element-6512f7e elementor-section-boxed elementor-section-height-default elementor-section-height-default\" data-id=\"6512f7e\" data-element_type=\"section\">\n\t\t\t\t\t\t<div class=\"elementor-container elementor-column-gap-default\">\n\t\t\t\t\t<div class=\"elementor-column elementor-col-100 elementor-top-column elementor-element elementor-element-e6ec847\" data-id=\"e6ec847\" data-element_type=\"column\">\n\t\t\t<div class=\"elementor-widget-wrap elementor-element-populated\">\n\t\t\t\t\t\t<div class=\"elementor-element elementor-element-f04f2ee elementor-widget elementor-widget-heading\" data-id=\"f04f2ee\" data-element_type=\"widget\" data-widget_type=\"heading.default\">\n\t\t\t\t<div class=\"elementor-widget-container\">\n\t\t\t<h2 class=\"elementor-heading-title elementor-size-default\">Dog walk \/ passeios educativos<\/h2>\t\t<\/div>\n\t\t\t\t<\/div>\n\t\t\t\t<div class=\"elementor-element elementor-element-8fbf53e elementor-widget-divider--view-line elementor-widget elementor-widget-divider\" data-id=\"8fbf53e\" data-element_type=\"widget\" data-widget_type=\"divider.default\">\n\t\t\t\t<div class=\"elementor-widget-container\">\n\t\t\t\t\t<div class=\"elementor-divider\">\n\t\t\t<span class=\"elementor-divider-separator\">\n\t\t\t\t\t\t<\/span>\n\t\t<\/div>\n\t\t\t\t<\/div>\n\t\t\t\t<\/div>\n\t\t\t\t\t<\/div>\n\t\t<\/div>\n\t\t\t\t\t<\/div>\n\t\t<\/section>\n\t\t\t\t<section class=\"elementor-section elementor-top-section elementor-element elementor-element-eb03d05 elementor-section-boxed elementor-section-height-default elementor-section-height-default\" data-id=\"eb03d05\" data-element_type=\"section\">\n\t\t\t\t\t\t<div class=\"elementor-container elementor-column-gap-default\">\n\t\t\t\t\t<div class=\"elementor-column elementor-col-100 elementor-top-column elementor-element elementor-element-06aae5a\" data-id=\"06aae5a\" data-element_type=\"column\">\n\t\t\t<div class=\"elementor-widget-wrap elementor-element-populated\">\n\t\t\t\t\t\t<div class=\"elementor-element elementor-element-183f53e elementor-widget elementor-widget-text-editor\" data-id=\"183f53e\" data-element_type=\"widget\" data-widget_type=\"text-editor.default\">\n\t\t\t\t<div class=\"elementor-widget-container\">\n\t\t\t\t\t\t\t<p>O passeio educativo supre tr\u00eas das principais necessidades dos c\u00e3es<\/p>\n<ul>\n<li><b>Mental<\/b>: o c\u00e3o aprende a andar sem puxar a guia e a sentar e esperar para atravessar a rua ou para pousar pras fotos por exemplo. Quando o passeio \u00e9 feito da maneira correta ele produz resultados bastante expressivos no comportamento dos c\u00e3es, muitas vezes podendo minimizar problemas causados pelo sedentarismo tais como ansiedade de separa\u00e7\u00e3o, habito de roer m\u00f3veis, lambedura, latidos em excesso, hiperatividade e etc.&nbsp;<\/li>\n<li><b>F\u00edsico:<\/b> a falta de exerc\u00edcios f\u00edsicos pode acarretar problemas como obesidade, artrite, diabetes, defici\u00eancias card\u00edacas e respirat\u00f3rias e problemas de comportamento.<\/li>\n<li><b>Social:<\/b> os c\u00e3es s\u00e3o animais que vivem em matilha, portando \u00e9 de suma import\u00e2ncia a socializa\u00e7\u00e3o que se d\u00e1 atrav\u00e9s dos passeios em grupos.<\/li>\n<\/ul>\n<p>O tutor fica a cargo do afetivo e a boa alimenta\u00e7\u00e3o. Esse servi\u00e7o \u00e9 ideal para as pessoas que n\u00e3o tem tempo para passear com o seu c\u00e3o todos os dias.&nbsp;<\/p>\n<p>&nbsp;veja abaixo como funciona:<\/p>\t\t\t\t\t\t<\/div>\n\t\t\t\t<\/div>\n\t\t\t\t\t<\/div>\n\t\t<\/div>\n\t\t\t\t\t<\/div>\n\t\t<\/section>\n\t\t\t\t<section class=\"elementor-section elementor-top-section elementor-element elementor-element-1e564975 elementor-section-content-middle elementor-section-boxed elementor-section-height-default elementor-section-height-default\" data-id=\"1e564975\" data-element_type=\"section\">\n\t\t\t\t\t\t<div class=\"elementor-container elementor-column-gap-no\">\n\t\t\t\t\t<div class=\"elementor-column elementor-col-50 elementor-top-column elementor-element elementor-element-2d349ad0\" data-id=\"2d349ad0\" data-element_type=\"column\">\n\t\t\t<div class=\"elementor-widget-wrap elementor-element-populated\">\n\t\t\t\t\t\t<div class=\"elementor-element elementor-element-7b86e975 elementor-widget elementor-widget-heading\" data-id=\"7b86e975\" data-element_type=\"widget\" data-widget_type=\"heading.default\">\n\t\t\t\t<div class=\"elementor-widget-container\">\n\t\t\t<h3 class=\"elementor-heading-title elementor-size-default\">aplicativo Dog Walk<\/h3>\t\t<\/div>\n\t\t\t\t<\/div>\n\t\t\t\t<div class=\"elementor-element elementor-element-a6f2075 elementor-widget elementor-widget-text-editor\" data-id=\"a6f2075\" data-element_type=\"widget\" data-widget_type=\"text-editor.default\">\n\t\t\t\t<div class=\"elementor-widget-container\">\n\t\t\t\t\t\t\t<p>Os passeios s\u00e3o feitos em grupos com dura\u00e7\u00e3o de uma hora, ao termino o tutor recebe via whastapp um relat\u00f3rio com informa\u00e7\u00f5es detalhadas, tais como:<\/p>\t\t\t\t\t\t<\/div>\n\t\t\t\t<\/div>\n\t\t\t\t<div class=\"elementor-element elementor-element-fccf284 elementor-position-left elementor-view-default elementor-mobile-position-top elementor-vertical-align-top elementor-widget elementor-widget-icon-box\" data-id=\"fccf284\" data-element_type=\"widget\" data-widget_type=\"icon-box.default\">\n\t\t\t\t<div class=\"elementor-widget-container\">\n\t\t\t\t\t<div class=\"elementor-icon-box-wrapper\">\n\t\t\t\t\t\t<div class=\"elementor-icon-box-icon\">\n\t\t\t\t<span  class=\"elementor-icon elementor-animation-grow\">\n\t\t\t\t<i class=\"fa fa-check-square-o\" aria-hidden=\"true\"><\/i>\t\t\t\t<\/span>\n\t\t\t<\/div>\n\t\t\t\t\t\t<div class=\"elementor-icon-box-content\">\n\t\t\t\t<h3 class=\"elementor-icon-box-title\">\n\t\t\t\t\t<span  >\n\t\t\t\t\t\tDia e Hora\t\t\t\t\t<\/span>\n\t\t\t\t<\/h3>\n\t\t\t\t\t\t\t<\/div>\n\t\t<\/div>\n\t\t\t\t<\/div>\n\t\t\t\t<\/div>\n\t\t\t\t<div class=\"elementor-element elementor-element-79af6fb elementor-position-left elementor-view-default elementor-mobile-position-top elementor-vertical-align-top elementor-widget elementor-widget-icon-box\" data-id=\"79af6fb\" data-element_type=\"widget\" data-widget_type=\"icon-box.default\">\n\t\t\t\t<div class=\"elementor-widget-container\">\n\t\t\t\t\t<div class=\"elementor-icon-box-wrapper\">\n\t\t\t\t\t\t<div class=\"elementor-icon-box-icon\">\n\t\t\t\t<span  class=\"elementor-icon elementor-animation-grow\">\n\t\t\t\t<i class=\"fa fa-check-square-o\" aria-hidden=\"true\"><\/i>\t\t\t\t<\/span>\n\t\t\t<\/div>\n\t\t\t\t\t\t<div class=\"elementor-icon-box-content\">\n\t\t\t\t<h3 class=\"elementor-icon-box-title\">\n\t\t\t\t\t<span  >\n\t\t\t\t\t\tDura\u00e7\u00e3o\t\t\t\t\t<\/span>\n\t\t\t\t<\/h3>\n\t\t\t\t\t\t\t<\/div>\n\t\t<\/div>\n\t\t\t\t<\/div>\n\t\t\t\t<\/div>\n\t\t\t\t<div class=\"elementor-element elementor-element-4b71727 elementor-position-left elementor-view-default elementor-mobile-position-top elementor-vertical-align-top elementor-widget elementor-widget-icon-box\" data-id=\"4b71727\" data-element_type=\"widget\" data-widget_type=\"icon-box.default\">\n\t\t\t\t<div class=\"elementor-widget-container\">\n\t\t\t\t\t<div class=\"elementor-icon-box-wrapper\">\n\t\t\t\t\t\t<div class=\"elementor-icon-box-icon\">\n\t\t\t\t<span  class=\"elementor-icon elementor-animation-grow\">\n\t\t\t\t<i class=\"fa fa-check-square-o\" aria-hidden=\"true\"><\/i>\t\t\t\t<\/span>\n\t\t\t<\/div>\n\t\t\t\t\t\t<div class=\"elementor-icon-box-content\">\n\t\t\t\t<h3 class=\"elementor-icon-box-title\">\n\t\t\t\t\t<span  >\n\t\t\t\t\t\tDist\u00e2ncia Percorrida\t\t\t\t\t<\/span>\n\t\t\t\t<\/h3>\n\t\t\t\t\t\t\t<\/div>\n\t\t<\/div>\n\t\t\t\t<\/div>\n\t\t\t\t<\/div>\n\t\t\t\t<div class=\"elementor-element elementor-element-1edc26f elementor-position-left elementor-view-default elementor-mobile-position-top elementor-vertical-align-top elementor-widget elementor-widget-icon-box\" data-id=\"1edc26f\" data-element_type=\"widget\" data-widget_type=\"icon-box.default\">\n\t\t\t\t<div class=\"elementor-widget-container\">\n\t\t\t\t\t<div class=\"elementor-icon-box-wrapper\">\n\t\t\t\t\t\t<div class=\"elementor-icon-box-icon\">\n\t\t\t\t<span  class=\"elementor-icon elementor-animation-grow\">\n\t\t\t\t<i class=\"fa fa-check-square-o\" aria-hidden=\"true\"><\/i>\t\t\t\t<\/span>\n\t\t\t<\/div>\n\t\t\t\t\t\t<div class=\"elementor-icon-box-content\">\n\t\t\t\t<h3 class=\"elementor-icon-box-title\">\n\t\t\t\t\t<span  >\n\t\t\t\t\t\tTrajeto\t\t\t\t\t<\/span>\n\t\t\t\t<\/h3>\n\t\t\t\t\t\t\t<\/div>\n\t\t<\/div>\n\t\t\t\t<\/div>\n\t\t\t\t<\/div>\n\t\t\t\t\t<\/div>\n\t\t<\/div>\n\t\t\t\t<div class=\"elementor-column elementor-col-50 elementor-top-column elementor-element elementor-element-3f86254d\" data-id=\"3f86254d\" data-element_type=\"column\">\n\t\t\t<div class=\"elementor-widget-wrap elementor-element-populated\">\n\t\t\t\t\t\t<div class=\"elementor-element elementor-element-5481bef4 elementor-widget elementor-widget-image\" data-id=\"5481bef4\" data-element_type=\"widget\" data-widget_type=\"image.default\">\n\t\t\t\t<div class=\"elementor-widget-container\">\n\t\t\t\t\t\t\t\t\t\t\t\t\t<img fetchpriority=\"high\" decoding=\"async\" width=\"665\" height=\"791\" src=\"https:\/\/caoduzir.com\/blog\/wp-content\/uploads\/2019\/01\/dogwalkmap-768x914.png\" class=\"attachment-medium_large size-medium_large wp-image-404\" alt=\"\" srcset=\"https:\/\/caoduzir.com\/blog\/wp-content\/uploads\/2019\/01\/dogwalkmap-768x914.png 768w, https:\/\/caoduzir.com\/blog\/wp-content\/uploads\/2019\/01\/dogwalkmap-252x300.png 252w, https:\/\/caoduzir.com\/blog\/wp-content\/uploads\/2019\/01\/dogwalkmap-860x1024.png 860w, https:\/\/caoduzir.com\/blog\/wp-content\/uploads\/2019\/01\/dogwalkmap.png 1452w\" sizes=\"(max-width: 665px) 100vw, 665px\" \/>\t\t\t\t\t\t\t\t\t\t\t\t\t<\/div>\n\t\t\t\t<\/div>\n\t\t\t\t\t<\/div>\n\t\t<\/div>\n\t\t\t\t\t<\/div>\n\t\t<\/section>\n\t\t\t\t<section class=\"elementor-section elementor-top-section elementor-element elementor-element-9ed6385 elementor-section-boxed elementor-section-height-default elementor-section-height-default\" data-id=\"9ed6385\" data-element_type=\"section\">\n\t\t\t\t\t\t<div class=\"elementor-container elementor-column-gap-default\">\n\t\t\t\t\t<div class=\"elementor-column elementor-col-100 elementor-top-column elementor-element elementor-element-ab4d719\" data-id=\"ab4d719\" data-element_type=\"column\">\n\t\t\t<div class=\"elementor-widget-wrap elementor-element-populated\">\n\t\t\t\t\t\t<div class=\"elementor-element elementor-element-ef1335b elementor-widget elementor-widget-spacer\" data-id=\"ef1335b\" data-element_type=\"widget\" data-widget_type=\"spacer.default\">\n\t\t\t\t<div class=\"elementor-widget-container\">\n\t\t\t\t\t<div class=\"elementor-spacer\">\n\t\t\t<div class=\"elementor-spacer-inner\"><\/div>\n\t\t<\/div>\n\t\t\t\t<\/div>\n\t\t\t\t<\/div>\n\t\t\t\t\t<\/div>\n\t\t<\/div>\n\t\t\t\t\t<\/div>\n\t\t<\/section>\n\t\t\t\t<section class=\"elementor-section elementor-top-section elementor-element elementor-element-a6a8eb3 elementor-section-boxed elementor-section-height-default elementor-section-height-default\" data-id=\"a6a8eb3\" data-element_type=\"section\">\n\t\t\t\t\t\t<div class=\"elementor-container elementor-column-gap-default\">\n\t\t\t\t\t<div class=\"elementor-column elementor-col-100 elementor-top-column elementor-element elementor-element-8a81b69\" data-id=\"8a81b69\" data-element_type=\"column\">\n\t\t\t<div class=\"elementor-widget-wrap elementor-element-populated\">\n\t\t\t\t\t\t<div class=\"elementor-element elementor-element-977a9d7 elementor-widget elementor-widget-image\" data-id=\"977a9d7\" data-element_type=\"widget\" data-widget_type=\"image.default\">\n\t\t\t\t<div class=\"elementor-widget-container\">\n\t\t\t\t\t\t\t\t\t\t\t\t\t<img decoding=\"async\" width=\"665\" height=\"185\" src=\"https:\/\/caoduzir.com\/blog\/wp-content\/uploads\/2022\/05\/dog_walk-03-1024x285.png\" class=\"attachment-large size-large wp-image-634\" alt=\"dog walk\" srcset=\"https:\/\/caoduzir.com\/blog\/wp-content\/uploads\/2022\/05\/dog_walk-03-1024x285.png 1024w, https:\/\/caoduzir.com\/blog\/wp-content\/uploads\/2022\/05\/dog_walk-03-300x84.png 300w, https:\/\/caoduzir.com\/blog\/wp-content\/uploads\/2022\/05\/dog_walk-03-768x214.png 768w, https:\/\/caoduzir.com\/blog\/wp-content\/uploads\/2022\/05\/dog_walk-03-1536x428.png 1536w, https:\/\/caoduzir.com\/blog\/wp-content\/uploads\/2022\/05\/dog_walk-03.png 1540w\" sizes=\"(max-width: 665px) 100vw, 665px\" \/>\t\t\t\t\t\t\t\t\t\t\t\t\t<\/div>\n\t\t\t\t<\/div>\n\t\t\t\t\t<\/div>\n\t\t<\/div>\n\t\t\t\t\t<\/div>\n\t\t<\/section>\n\t\t\t\t<section class=\"elementor-section elementor-top-section elementor-element elementor-element-3d0a418 elementor-section-boxed elementor-section-height-default elementor-section-height-default\" data-id=\"3d0a418\" data-element_type=\"section\">\n\t\t\t\t\t\t<div class=\"elementor-container elementor-column-gap-default\">\n\t\t\t\t\t<div class=\"elementor-column elementor-col-100 elementor-top-column elementor-element elementor-element-62eb792\" data-id=\"62eb792\" data-element_type=\"column\">\n\t\t\t<div class=\"elementor-widget-wrap elementor-element-populated\">\n\t\t\t\t\t\t<div class=\"elementor-element elementor-element-8095d1e elementor-widget elementor-widget-text-editor\" data-id=\"8095d1e\" data-element_type=\"widget\" data-widget_type=\"text-editor.default\">\n\t\t\t\t<div class=\"elementor-widget-container\">\n\t\t\t\t\t\t\t<p>OBS: Pre\u00e7os para a regi\u00e3o de Mafra e Ericeira, outras localidades consulte-nos.<\/p>\t\t\t\t\t\t<\/div>\n\t\t\t\t<\/div>\n\t\t\t\t\t<\/div>\n\t\t<\/div>\n\t\t\t\t\t<\/div>\n\t\t<\/section>\n\t\t\t\t<\/div>\n\t\t","protected":false},"excerpt":{"rendered":"<p>Dog walk \/ passeios educativos O passeio educativo supre tr\u00eas das principais necessidades dos c\u00e3es Mental: o c\u00e3o aprende a andar sem puxar a guia e a sentar e esperar para atravessar a rua ou para pousar pras fotos por exemplo. Quando o passeio \u00e9 feito da maneira correta ele produz resultados bastante expressivos no [&hellip;]<\/p>\n","protected":false},"author":1,"featured_media":0,"parent":0,"menu_order":0,"comment_status":"closed","ping_status":"closed","template":"elementor_header_footer","meta":{"_monsterinsights_skip_tracking":false,"_monsterinsights_sitenote_active":false,"_monsterinsights_sitenote_note":"","_monsterinsights_sitenote_category":0,"episode_type":"","audio_file":"","podmotor_file_id":"","podmotor_episode_id":"","cover_image":"","cover_image_id":"","duration":"","filesize":"","filesize_raw":"","date_recorded":"","explicit":"","block":"","itunes_episode_number":"","itunes_title":"","itunes_season_number":"","itunes_episode_type":"","footnotes":""},"yoast_head":"<!-- This site is optimized with the Yoast SEO plugin v22.3 - https:\/\/yoast.com\/wordpress\/plugins\/seo\/ -->\n<title>Dog Walk \/ Passeios Educativos | Let\u00edcia Neri<\/title>\n<meta name=\"description\" content=\"Os passeios educativos suprem tr\u00eas das principais necessidades dos c\u00e3es: mental, f\u00edsico e social. Entenda melhor como funciona esse servi\u00e7o [...]\" \/>\n<meta name=\"robots\" content=\"index, follow, max-snippet:-1, max-image-preview:large, max-video-preview:-1\" \/>\n<link rel=\"canonical\" href=\"https:\/\/caoduzir.com\/blog\/dog-walk-passeios-educativos\/\" \/>\n<meta property=\"og:locale\" content=\"pt_BR\" \/>\n<meta property=\"og:type\" content=\"article\" \/>\n<meta property=\"og:title\" content=\"Dog Walk \/ Passeios Educativos | Let\u00edcia Neri\" \/>\n<meta property=\"og:description\" content=\"Os passeios educativos suprem tr\u00eas das principais necessidades dos c\u00e3es: mental, f\u00edsico e social. Entenda melhor como funciona esse servi\u00e7o [...]\" \/>\n<meta property=\"og:url\" content=\"https:\/\/caoduzir.com\/blog\/dog-walk-passeios-educativos\/\" \/>\n<meta property=\"og:site_name\" content=\"Let\u00edcia Neri\" \/>\n<meta property=\"article:publisher\" content=\"https:\/\/www.facebook.com\/Caoduzir\/\" \/>\n<meta property=\"article:modified_time\" content=\"2022-05-05T21:06:13+00:00\" \/>\n<meta property=\"og:image\" content=\"https:\/\/caoduzir.com\/blog\/wp-content\/uploads\/2019\/01\/dogwalkmap-768x914.png\" \/>\n<meta name=\"twitter:card\" content=\"summary_large_image\" \/>\n<meta name=\"twitter:label1\" content=\"Est. tempo de leitura\" \/>\n\t<meta name=\"twitter:data1\" content=\"2 minutos\" \/>\n<script type=\"application\/ld+json\" class=\"yoast-schema-graph\">{\"@context\":\"https:\/\/schema.org\",\"@graph\":[{\"@type\":\"WebPage\",\"@id\":\"https:\/\/caoduzir.com\/blog\/dog-walk-passeios-educativos\/\",\"url\":\"https:\/\/caoduzir.com\/blog\/dog-walk-passeios-educativos\/\",\"name\":\"Dog Walk \/ Passeios Educativos | Let\u00edcia Neri\",\"isPartOf\":{\"@id\":\"https:\/\/caoduzir.com\/blog\/#website\"},\"primaryImageOfPage\":{\"@id\":\"https:\/\/caoduzir.com\/blog\/dog-walk-passeios-educativos\/#primaryimage\"},\"image\":{\"@id\":\"https:\/\/caoduzir.com\/blog\/dog-walk-passeios-educativos\/#primaryimage\"},\"thumbnailUrl\":\"https:\/\/caoduzir.com\/blog\/wp-content\/uploads\/2019\/01\/dogwalkmap-768x914.png\",\"datePublished\":\"2019-01-21T00:51:58+00:00\",\"dateModified\":\"2022-05-05T21:06:13+00:00\",\"description\":\"Os passeios educativos suprem tr\u00eas das principais necessidades dos c\u00e3es: mental, f\u00edsico e social. Entenda melhor como funciona esse servi\u00e7o [...]\",\"breadcrumb\":{\"@id\":\"https:\/\/caoduzir.com\/blog\/dog-walk-passeios-educativos\/#breadcrumb\"},\"inLanguage\":\"pt-BR\",\"potentialAction\":[{\"@type\":\"ReadAction\",\"target\":[\"https:\/\/caoduzir.com\/blog\/dog-walk-passeios-educativos\/\"]}]},{\"@type\":\"ImageObject\",\"inLanguage\":\"pt-BR\",\"@id\":\"https:\/\/caoduzir.com\/blog\/dog-walk-passeios-educativos\/#primaryimage\",\"url\":\"https:\/\/caoduzir.com\/blog\/wp-content\/uploads\/2019\/01\/dogwalkmap.png\",\"contentUrl\":\"https:\/\/caoduzir.com\/blog\/wp-content\/uploads\/2019\/01\/dogwalkmap.png\",\"width\":1452,\"height\":1728},{\"@type\":\"BreadcrumbList\",\"@id\":\"https:\/\/caoduzir.com\/blog\/dog-walk-passeios-educativos\/#breadcrumb\",\"itemListElement\":[{\"@type\":\"ListItem\",\"position\":1,\"name\":\"In\u00edcio\",\"item\":\"https:\/\/caoduzir.com\/blog\/\"},{\"@type\":\"ListItem\",\"position\":2,\"name\":\"Dog Walk \/ Passeios Educativos\"}]},{\"@type\":\"WebSite\",\"@id\":\"https:\/\/caoduzir.com\/blog\/#website\",\"url\":\"https:\/\/caoduzir.com\/blog\/\",\"name\":\"Let\u00edcia Neri\",\"description\":\"Let\u00edcia Neri Adestradora de c\u00e3es\",\"publisher\":{\"@id\":\"https:\/\/caoduzir.com\/blog\/#organization\"},\"potentialAction\":[{\"@type\":\"SearchAction\",\"target\":{\"@type\":\"EntryPoint\",\"urlTemplate\":\"https:\/\/caoduzir.com\/blog\/?s={search_term_string}\"},\"query-input\":\"required name=search_term_string\"}],\"inLanguage\":\"pt-BR\"},{\"@type\":\"Organization\",\"@id\":\"https:\/\/caoduzir.com\/blog\/#organization\",\"name\":\"Caoduzir\",\"url\":\"https:\/\/caoduzir.com\/blog\/\",\"logo\":{\"@type\":\"ImageObject\",\"inLanguage\":\"pt-BR\",\"@id\":\"https:\/\/caoduzir.com\/blog\/#\/schema\/logo\/image\/\",\"url\":\"https:\/\/caoduzir.com\/blog\/wp-content\/uploads\/2017\/09\/logo.png\",\"contentUrl\":\"https:\/\/caoduzir.com\/blog\/wp-content\/uploads\/2017\/09\/logo.png\",\"width\":103,\"height\":70,\"caption\":\"Caoduzir\"},\"image\":{\"@id\":\"https:\/\/caoduzir.com\/blog\/#\/schema\/logo\/image\/\"},\"sameAs\":[\"https:\/\/www.facebook.com\/Caoduzir\/\",\"https:\/\/www.instagram.com\/caoduzir\/\",\"https:\/\/www.youtube.com\/channel\/UCiYwm1-aWPVA9w5tYTR2Npw\"]}]}<\/script>\n<!-- \/ Yoast SEO plugin. -->","yoast_head_json":{"title":"Dog Walk \/ Passeios Educativos | Let\u00edcia Neri","description":"Os passeios educativos suprem tr\u00eas das principais necessidades dos c\u00e3es: mental, f\u00edsico e social. Entenda melhor como funciona esse servi\u00e7o [...]","robots":{"index":"index","follow":"follow","max-snippet":"max-snippet:-1","max-image-preview":"max-image-preview:large","max-video-preview":"max-video-preview:-1"},"canonical":"https:\/\/caoduzir.com\/blog\/dog-walk-passeios-educativos\/","og_locale":"pt_BR","og_type":"article","og_title":"Dog Walk \/ Passeios Educativos | Let\u00edcia Neri","og_description":"Os passeios educativos suprem tr\u00eas das principais necessidades dos c\u00e3es: mental, f\u00edsico e social. Entenda melhor como funciona esse servi\u00e7o [...]","og_url":"https:\/\/caoduzir.com\/blog\/dog-walk-passeios-educativos\/","og_site_name":"Let\u00edcia Neri","article_publisher":"https:\/\/www.facebook.com\/Caoduzir\/","article_modified_time":"2022-05-05T21:06:13+00:00","og_image":[{"url":"https:\/\/caoduzir.com\/blog\/wp-content\/uploads\/2019\/01\/dogwalkmap-768x914.png"}],"twitter_card":"summary_large_image","twitter_misc":{"Est. tempo de leitura":"2 minutos"},"schema":{"@context":"https:\/\/schema.org","@graph":[{"@type":"WebPage","@id":"https:\/\/caoduzir.com\/blog\/dog-walk-passeios-educativos\/","url":"https:\/\/caoduzir.com\/blog\/dog-walk-passeios-educativos\/","name":"Dog Walk \/ Passeios Educativos | Let\u00edcia Neri","isPartOf":{"@id":"https:\/\/caoduzir.com\/blog\/#website"},"primaryImageOfPage":{"@id":"https:\/\/caoduzir.com\/blog\/dog-walk-passeios-educativos\/#primaryimage"},"image":{"@id":"https:\/\/caoduzir.com\/blog\/dog-walk-passeios-educativos\/#primaryimage"},"thumbnailUrl":"https:\/\/caoduzir.com\/blog\/wp-content\/uploads\/2019\/01\/dogwalkmap-768x914.png","datePublished":"2019-01-21T00:51:58+00:00","dateModified":"2022-05-05T21:06:13+00:00","description":"Os passeios educativos suprem tr\u00eas das principais necessidades dos c\u00e3es: mental, f\u00edsico e social. Entenda melhor como funciona esse servi\u00e7o [...]","breadcrumb":{"@id":"https:\/\/caoduzir.com\/blog\/dog-walk-passeios-educativos\/#breadcrumb"},"inLanguage":"pt-BR","potentialAction":[{"@type":"ReadAction","target":["https:\/\/caoduzir.com\/blog\/dog-walk-passeios-educativos\/"]}]},{"@type":"ImageObject","inLanguage":"pt-BR","@id":"https:\/\/caoduzir.com\/blog\/dog-walk-passeios-educativos\/#primaryimage","url":"https:\/\/caoduzir.com\/blog\/wp-content\/uploads\/2019\/01\/dogwalkmap.png","contentUrl":"https:\/\/caoduzir.com\/blog\/wp-content\/uploads\/2019\/01\/dogwalkmap.png","width":1452,"height":1728},{"@type":"BreadcrumbList","@id":"https:\/\/caoduzir.com\/blog\/dog-walk-passeios-educativos\/#breadcrumb","itemListElement":[{"@type":"ListItem","position":1,"name":"In\u00edcio","item":"https:\/\/caoduzir.com\/blog\/"},{"@type":"ListItem","position":2,"name":"Dog Walk \/ Passeios Educativos"}]},{"@type":"WebSite","@id":"https:\/\/caoduzir.com\/blog\/#website","url":"https:\/\/caoduzir.com\/blog\/","name":"Let\u00edcia Neri","description":"Let\u00edcia Neri Adestradora de c\u00e3es","publisher":{"@id":"https:\/\/caoduzir.com\/blog\/#organization"},"potentialAction":[{"@type":"SearchAction","target":{"@type":"EntryPoint","urlTemplate":"https:\/\/caoduzir.com\/blog\/?s={search_term_string}"},"query-input":"required name=search_term_string"}],"inLanguage":"pt-BR"},{"@type":"Organization","@id":"https:\/\/caoduzir.com\/blog\/#organization","name":"Caoduzir","url":"https:\/\/caoduzir.com\/blog\/","logo":{"@type":"ImageObject","inLanguage":"pt-BR","@id":"https:\/\/caoduzir.com\/blog\/#\/schema\/logo\/image\/","url":"https:\/\/caoduzir.com\/blog\/wp-content\/uploads\/2017\/09\/logo.png","contentUrl":"https:\/\/caoduzir.com\/blog\/wp-content\/uploads\/2017\/09\/logo.png","width":103,"height":70,"caption":"Caoduzir"},"image":{"@id":"https:\/\/caoduzir.com\/blog\/#\/schema\/logo\/image\/"},"sameAs":["https:\/\/www.facebook.com\/Caoduzir\/","https:\/\/www.instagram.com\/caoduzir\/","https:\/\/www.youtube.com\/channel\/UCiYwm1-aWPVA9w5tYTR2Npw"]}]}},"_links":{"self":[{"href":"https:\/\/caoduzir.com\/blog\/wp-json\/wp\/v2\/pages\/382"}],"collection":[{"href":"https:\/\/caoduzir.com\/blog\/wp-json\/wp\/v2\/pages"}],"about":[{"href":"https:\/\/caoduzir.com\/blog\/wp-json\/wp\/v2\/types\/page"}],"author":[{"embeddable":true,"href":"https:\/\/caoduzir.com\/blog\/wp-json\/wp\/v2\/users\/1"}],"replies":[{"embeddable":true,"href":"https:\/\/caoduzir.com\/blog\/wp-json\/wp\/v2\/comments?post=382"}],"version-history":[{"count":23,"href":"https:\/\/caoduzir.com\/blog\/wp-json\/wp\/v2\/pages\/382\/revisions"}],"predecessor-version":[{"id":645,"href":"https:\/\/caoduzir.com\/blog\/wp-json\/wp\/v2\/pages\/382\/revisions\/645"}],"wp:attachment":[{"href":"https:\/\/caoduzir.com\/blog\/wp-json\/wp\/v2\/media?parent=382"}],"curies":[{"name":"wp","href":"https:\/\/api.w.org\/{rel}","templated":true}]}}