{"id":483,"date":"2020-06-14T12:07:20","date_gmt":"2020-06-14T15:07:20","guid":{"rendered":"https:\/\/caoduzir.com\/blog\/?page_id=483"},"modified":"2021-04-11T18:52:32","modified_gmt":"2021-04-11T21:52:32","slug":"os-dez-mandamentos-do-adestramento","status":"publish","type":"page","link":"https:\/\/caoduzir.com\/blog\/os-dez-mandamentos-do-adestramento\/","title":{"rendered":"Os Dez Mandamentos do Adestramento"},"content":{"rendered":"<h1>Os Dez Mandamentos do Adestramento<\/h1>\n<p><img width='2000' height='930' src='https:\/\/caoduzir.com\/blog\/wp-content\/uploads\/2021\/04\/Mock-up-Catalog-PIXEDEN.jpg' alt='' loading='lazy' srcset='https:\/\/caoduzir.com\/blog\/wp-content\/uploads\/2021\/04\/Mock-up-Catalog-PIXEDEN.jpg 2000w, https:\/\/caoduzir.com\/blog\/wp-content\/uploads\/2021\/04\/Mock-up-Catalog-PIXEDEN-300x140.jpg 300w, https:\/\/caoduzir.com\/blog\/wp-content\/uploads\/2021\/04\/Mock-up-Catalog-PIXEDEN-1024x476.jpg 1024w, https:\/\/caoduzir.com\/blog\/wp-content\/uploads\/2021\/04\/Mock-up-Catalog-PIXEDEN-768x357.jpg 768w, https:\/\/caoduzir.com\/blog\/wp-content\/uploads\/2021\/04\/Mock-up-Catalog-PIXEDEN-1536x714.jpg 1536w' sizes='(max-width: 2000px) 100vw, 2000px'><\/p>\n<h2>Dicas para voc\u00ea ter um c\u00e3o calmo e obediente<\/h2>\n<p>Como ter um cachorro calmo e obediente? Essa \u00e9 a pergunta que n\u00e3o quer calar. Todos sonham em ter um c\u00e3o equilibrado n\u00e3o \u00e9 mesmo? Mas por onde come\u00e7ar? O que devo ou n\u00e3o devo fazer?<\/p>\n<p>Ao longo de dez anos de experi\u00eancia em&nbsp;<a href='https:\/\/caoduzir.com\/blog\/adestramento\/' style='border-bottom: 2px solid rgb(17, 17, 17);'>adestramento<\/a>&nbsp;de c\u00e3es eu desenvolvi o que chamo de 'Os dez mandamentos do adestramento', que eu considero a base, o alicerce para ter um c\u00e3o calmo e obediente.<\/p>\n<p>Sempre costumo dizer aos meus clientes, adestramento n\u00e3o \u00e9 m\u00e1gica, envolve muito trabalho e dedica\u00e7\u00e3o, e que n\u00e3o \u00e9 uma receita de bolo, por\u00e9m, existem regras b\u00e1sicas que devem ser seguidas por todos os tutores ou profissionais que trabalhem com c\u00e3es.<\/p>\n<p>Muitos problemas comportamentais s\u00e3o resultantes da humaniza\u00e7\u00e3o, do excesso&nbsp;de afeto, de pouco exerc\u00edcio e quase nada de disciplina.<\/p>\n<p>\u00c9 claro que existem alguns casos espec\u00edficos de comportamento, que somente um profissional consegue diagnosticar e resolver, por\u00e9m, se voc\u00ea fizer o trabalho de casa e seguir esses mandamentos a risca, voc\u00ea ir\u00e1 minimizar as chances do seu c\u00e3o desenvolver um comportamento indesejado.<\/p>\n<p>Bons Treinos!<\/p>\n<p>Para fazer o download do PDF basta preencher o formul\u00e1rio abaixo, dessa forma voc\u00ea continua recebendo dicas e conte\u00fados exclusivos.<\/p>\n<div class=\"wpcf7 no-js\" id=\"wpcf7-f237-o1\" lang=\"pt-BR\" dir=\"ltr\">\n<div class=\"screen-reader-response\">\n<p role=\"status\" aria-live=\"polite\" aria-atomic=\"true\"><\/p> <ul><\/ul>\n<\/div>\n<form action=\"\/blog\/wp-json\/wp\/v2\/pages\/483#wpcf7-f237-o1\" method=\"post\" class=\"wpcf7-form init\" aria-label=\"Formul&aacute;rios de contato\" novalidate=\"novalidate\" data-status=\"init\">\n<label class=\"ebd_input\"><input type=\"hidden\" name=\"ebd_downloads[]\" value=\"238|Os dez mandamentos do adestramento\"> <\/label><input type=\"hidden\" class=\"ebd_setting\" name=\"ebd_settings[]\" value=\"title|Os dez mandamentos do adestramento\"><input type=\"hidden\" class=\"ebd_setting\" name=\"ebd_settings[]\" value=\"delivered_as|both\"><input type=\"hidden\" class=\"ebd_setting\" name=\"ebd_settings[]\" value=\"hide_form|no\"><input type=\"hidden\" class=\"ebd_setting\" name=\"ebd_settings[]\" value=\"radio|no\"><input type=\"hidden\" class=\"ebd_setting\" name=\"ebd_settings[]\" value=\"from_email|leticianeri@caoduzir.com\"><input type=\"hidden\" class=\"ebd_setting\" name=\"ebd_settings[]\" value=\"from_name|leticianeri@caoduzir.com\"><input type=\"hidden\" class=\"ebd_setting\" name=\"ebd_settings[]\" value=\"link_format|_self\"><input type=\"hidden\" class=\"ebd_setting\" name=\"ebd_settings[]\" value=\"file_thumbnail|no\"><input type=\"hidden\" class=\"ebd_setting\" name=\"ebd_settings[]\" value=\"item_id|3\"><input type=\"hidden\" class=\"ebd_setting\" name=\"ebd_settings[]\" value=\"form_id|wpcf7-f237-o1\"><div style=\"display: none;\">\n<input type=\"hidden\" name=\"_wpcf7\" value=\"237\">\n<input type=\"hidden\" name=\"_wpcf7_version\" value=\"5.9.3\">\n<input type=\"hidden\" name=\"_wpcf7_locale\" value=\"pt_BR\">\n<input type=\"hidden\" name=\"_wpcf7_unit_tag\" value=\"wpcf7-f237-o1\">\n<input type=\"hidden\" name=\"_wpcf7_container_post\" value=\"0\">\n<input type=\"hidden\" name=\"_wpcf7_posted_data_hash\" value=\"\">\n<\/div>\n<p><label> Seu nome (obrigat&oacute;rio)<br>\n<span class=\"wpcf7-form-control-wrap\" data-name=\"your-name\"><input size=\"40\" class=\"wpcf7-form-control wpcf7-text wpcf7-validates-as-required\" aria-required=\"true\" aria-invalid=\"false\" value=\"\" type=\"text\" name=\"your-name\"><\/span> <\/label>\n<\/p>\n<p><label> Seu e-mail (obrigat&oacute;rio)<br>\n<span class=\"wpcf7-form-control-wrap\" data-name=\"your-email\"><input size=\"40\" class=\"wpcf7-form-control wpcf7-email wpcf7-validates-as-required wpcf7-text wpcf7-validates-as-email\" aria-required=\"true\" aria-invalid=\"false\" value=\"\" type=\"email\" name=\"your-email\"><\/span> <\/label>\n<\/p>\n<p><input class=\"wpcf7-form-control wpcf7-submit has-spinner\" type=\"submit\" value=\"Enviar\">\n<\/p>\n<p style=\"display: none !important;\" class=\"akismet-fields-container\" data-prefix=\"_wpcf7_ak_\"><label>&Delta;<textarea name=\"_wpcf7_ak_hp_textarea\" cols=\"45\" rows=\"8\" maxlength=\"100\"><\/textarea><\/label><input type=\"hidden\" id=\"ak_js_1\" name=\"_wpcf7_ak_js\" value=\"185\"><script>document.getElementById( \"ak_js_1\" ).setAttribute( \"value\", ( new Date() ).getTime() );<\/script><\/p>\n<div class=\"wpcf7-response-output\" aria-hidden=\"true\"><\/div>\n<\/form>\n<\/div>\n\n","protected":false},"excerpt":{"rendered":"<p>Os Dez Mandamentos do Adestramento Dicas para voc\u00ea ter um c\u00e3o calmo e obediente Como ter um cachorro calmo e obediente? Essa \u00e9 a pergunta que n\u00e3o quer calar. Todos sonham em ter um c\u00e3o equilibrado n\u00e3o \u00e9 mesmo? Mas por onde come\u00e7ar? O que devo ou n\u00e3o devo fazer? Ao longo de dez anos [&hellip;]<\/p>\n","protected":false},"author":1,"featured_media":0,"parent":0,"menu_order":0,"comment_status":"closed","ping_status":"closed","template":"elementor_header_footer","meta":{"_monsterinsights_skip_tracking":false,"_monsterinsights_sitenote_active":false,"_monsterinsights_sitenote_note":"","_monsterinsights_sitenote_category":0,"episode_type":"","audio_file":"","cover_image":"","cover_image_id":"","duration":"","filesize":"","date_recorded":"","explicit":"","block":"","itunes_episode_number":"","itunes_title":"","itunes_season_number":"","itunes_episode_type":"","filesize_raw":"","footnotes":""},"yoast_head":"<!-- This site is optimized with the Yoast SEO plugin v22.3 - https:\/\/yoast.com\/wordpress\/plugins\/seo\/ -->\n<title>Os Dez Mandamentos do Adestramento | Let\u00edcia Neri<\/title>\n<meta name=\"robots\" content=\"index, follow, max-snippet:-1, max-image-preview:large, max-video-preview:-1\" \/>\n<link rel=\"canonical\" href=\"https:\/\/caoduzir.com\/blog\/os-dez-mandamentos-do-adestramento\/\" \/>\n<meta property=\"og:locale\" content=\"pt_BR\" \/>\n<meta property=\"og:type\" content=\"article\" \/>\n<meta property=\"og:title\" content=\"Os Dez Mandamentos do Adestramento | Let\u00edcia Neri\" \/>\n<meta property=\"og:description\" content=\"Os Dez Mandamentos do Adestramento Dicas para voc\u00ea ter um c\u00e3o calmo e obediente Como ter um cachorro calmo e obediente? Essa \u00e9 a pergunta que n\u00e3o quer calar. Todos sonham em ter um c\u00e3o equilibrado n\u00e3o \u00e9 mesmo? Mas por onde come\u00e7ar? O que devo ou n\u00e3o devo fazer? Ao longo de dez anos [&hellip;]\" \/>\n<meta property=\"og:url\" content=\"https:\/\/caoduzir.com\/blog\/os-dez-mandamentos-do-adestramento\/\" \/>\n<meta property=\"og:site_name\" content=\"Let\u00edcia Neri\" \/>\n<meta property=\"article:publisher\" content=\"https:\/\/www.facebook.com\/Caoduzir\/\" \/>\n<meta property=\"article:modified_time\" content=\"2021-04-11T21:52:32+00:00\" \/>\n<meta property=\"og:image\" content=\"https:\/\/caoduzir.com\/blog\/wp-content\/uploads\/2021\/04\/Mock-up-Catalog-PIXEDEN.jpg\" \/>\n<meta name=\"twitter:card\" content=\"summary_large_image\" \/>\n<meta name=\"twitter:label1\" content=\"Est. tempo de leitura\" \/>\n\t<meta name=\"twitter:data1\" content=\"2 minutos\" \/>\n<script type=\"application\/ld+json\" class=\"yoast-schema-graph\">{\"@context\":\"https:\/\/schema.org\",\"@graph\":[{\"@type\":\"WebPage\",\"@id\":\"https:\/\/caoduzir.com\/blog\/os-dez-mandamentos-do-adestramento\/\",\"url\":\"https:\/\/caoduzir.com\/blog\/os-dez-mandamentos-do-adestramento\/\",\"name\":\"Os Dez Mandamentos do Adestramento | Let\u00edcia Neri\",\"isPartOf\":{\"@id\":\"https:\/\/caoduzir.com\/blog\/#website\"},\"primaryImageOfPage\":{\"@id\":\"https:\/\/caoduzir.com\/blog\/os-dez-mandamentos-do-adestramento\/#primaryimage\"},\"image\":{\"@id\":\"https:\/\/caoduzir.com\/blog\/os-dez-mandamentos-do-adestramento\/#primaryimage\"},\"thumbnailUrl\":\"https:\/\/caoduzir.com\/blog\/wp-content\/uploads\/2021\/04\/Mock-up-Catalog-PIXEDEN.jpg\",\"datePublished\":\"2020-06-14T15:07:20+00:00\",\"dateModified\":\"2021-04-11T21:52:32+00:00\",\"breadcrumb\":{\"@id\":\"https:\/\/caoduzir.com\/blog\/os-dez-mandamentos-do-adestramento\/#breadcrumb\"},\"inLanguage\":\"pt-BR\",\"potentialAction\":[{\"@type\":\"ReadAction\",\"target\":[\"https:\/\/caoduzir.com\/blog\/os-dez-mandamentos-do-adestramento\/\"]}]},{\"@type\":\"ImageObject\",\"inLanguage\":\"pt-BR\",\"@id\":\"https:\/\/caoduzir.com\/blog\/os-dez-mandamentos-do-adestramento\/#primaryimage\",\"url\":\"https:\/\/caoduzir.com\/blog\/wp-content\/uploads\/2021\/04\/Mock-up-Catalog-PIXEDEN.jpg\",\"contentUrl\":\"https:\/\/caoduzir.com\/blog\/wp-content\/uploads\/2021\/04\/Mock-up-Catalog-PIXEDEN.jpg\",\"width\":2000,\"height\":930},{\"@type\":\"BreadcrumbList\",\"@id\":\"https:\/\/caoduzir.com\/blog\/os-dez-mandamentos-do-adestramento\/#breadcrumb\",\"itemListElement\":[{\"@type\":\"ListItem\",\"position\":1,\"name\":\"In\u00edcio\",\"item\":\"https:\/\/caoduzir.com\/blog\/\"},{\"@type\":\"ListItem\",\"position\":2,\"name\":\"Os Dez Mandamentos do Adestramento\"}]},{\"@type\":\"WebSite\",\"@id\":\"https:\/\/caoduzir.com\/blog\/#website\",\"url\":\"https:\/\/caoduzir.com\/blog\/\",\"name\":\"Let\u00edcia Neri\",\"description\":\"Let\u00edcia Neri Adestradora de c\u00e3es\",\"publisher\":{\"@id\":\"https:\/\/caoduzir.com\/blog\/#organization\"},\"potentialAction\":[{\"@type\":\"SearchAction\",\"target\":{\"@type\":\"EntryPoint\",\"urlTemplate\":\"https:\/\/caoduzir.com\/blog\/?s={search_term_string}\"},\"query-input\":\"required name=search_term_string\"}],\"inLanguage\":\"pt-BR\"},{\"@type\":\"Organization\",\"@id\":\"https:\/\/caoduzir.com\/blog\/#organization\",\"name\":\"Caoduzir\",\"url\":\"https:\/\/caoduzir.com\/blog\/\",\"logo\":{\"@type\":\"ImageObject\",\"inLanguage\":\"pt-BR\",\"@id\":\"https:\/\/caoduzir.com\/blog\/#\/schema\/logo\/image\/\",\"url\":\"https:\/\/caoduzir.com\/blog\/wp-content\/uploads\/2017\/09\/logo.png\",\"contentUrl\":\"https:\/\/caoduzir.com\/blog\/wp-content\/uploads\/2017\/09\/logo.png\",\"width\":103,\"height\":70,\"caption\":\"Caoduzir\"},\"image\":{\"@id\":\"https:\/\/caoduzir.com\/blog\/#\/schema\/logo\/image\/\"},\"sameAs\":[\"https:\/\/www.facebook.com\/Caoduzir\/\",\"https:\/\/www.instagram.com\/caoduzir\/\",\"https:\/\/www.youtube.com\/channel\/UCiYwm1-aWPVA9w5tYTR2Npw\"]}]}<\/script>\n<!-- \/ Yoast SEO plugin. -->","yoast_head_json":{"title":"Os Dez Mandamentos do Adestramento | Let\u00edcia Neri","robots":{"index":"index","follow":"follow","max-snippet":"max-snippet:-1","max-image-preview":"max-image-preview:large","max-video-preview":"max-video-preview:-1"},"canonical":"https:\/\/caoduzir.com\/blog\/os-dez-mandamentos-do-adestramento\/","og_locale":"pt_BR","og_type":"article","og_title":"Os Dez Mandamentos do Adestramento | Let\u00edcia Neri","og_description":"Os Dez Mandamentos do Adestramento Dicas para voc\u00ea ter um c\u00e3o calmo e obediente Como ter um cachorro calmo e obediente? Essa \u00e9 a pergunta que n\u00e3o quer calar. Todos sonham em ter um c\u00e3o equilibrado n\u00e3o \u00e9 mesmo? Mas por onde come\u00e7ar? O que devo ou n\u00e3o devo fazer? Ao longo de dez anos [&hellip;]","og_url":"https:\/\/caoduzir.com\/blog\/os-dez-mandamentos-do-adestramento\/","og_site_name":"Let\u00edcia Neri","article_publisher":"https:\/\/www.facebook.com\/Caoduzir\/","article_modified_time":"2021-04-11T21:52:32+00:00","og_image":[{"url":"https:\/\/caoduzir.com\/blog\/wp-content\/uploads\/2021\/04\/Mock-up-Catalog-PIXEDEN.jpg"}],"twitter_card":"summary_large_image","twitter_misc":{"Est. tempo de leitura":"2 minutos"},"schema":{"@context":"https:\/\/schema.org","@graph":[{"@type":"WebPage","@id":"https:\/\/caoduzir.com\/blog\/os-dez-mandamentos-do-adestramento\/","url":"https:\/\/caoduzir.com\/blog\/os-dez-mandamentos-do-adestramento\/","name":"Os Dez Mandamentos do Adestramento | Let\u00edcia Neri","isPartOf":{"@id":"https:\/\/caoduzir.com\/blog\/#website"},"primaryImageOfPage":{"@id":"https:\/\/caoduzir.com\/blog\/os-dez-mandamentos-do-adestramento\/#primaryimage"},"image":{"@id":"https:\/\/caoduzir.com\/blog\/os-dez-mandamentos-do-adestramento\/#primaryimage"},"thumbnailUrl":"https:\/\/caoduzir.com\/blog\/wp-content\/uploads\/2021\/04\/Mock-up-Catalog-PIXEDEN.jpg","datePublished":"2020-06-14T15:07:20+00:00","dateModified":"2021-04-11T21:52:32+00:00","breadcrumb":{"@id":"https:\/\/caoduzir.com\/blog\/os-dez-mandamentos-do-adestramento\/#breadcrumb"},"inLanguage":"pt-BR","potentialAction":[{"@type":"ReadAction","target":["https:\/\/caoduzir.com\/blog\/os-dez-mandamentos-do-adestramento\/"]}]},{"@type":"ImageObject","inLanguage":"pt-BR","@id":"https:\/\/caoduzir.com\/blog\/os-dez-mandamentos-do-adestramento\/#primaryimage","url":"https:\/\/caoduzir.com\/blog\/wp-content\/uploads\/2021\/04\/Mock-up-Catalog-PIXEDEN.jpg","contentUrl":"https:\/\/caoduzir.com\/blog\/wp-content\/uploads\/2021\/04\/Mock-up-Catalog-PIXEDEN.jpg","width":2000,"height":930},{"@type":"BreadcrumbList","@id":"https:\/\/caoduzir.com\/blog\/os-dez-mandamentos-do-adestramento\/#breadcrumb","itemListElement":[{"@type":"ListItem","position":1,"name":"In\u00edcio","item":"https:\/\/caoduzir.com\/blog\/"},{"@type":"ListItem","position":2,"name":"Os Dez Mandamentos do Adestramento"}]},{"@type":"WebSite","@id":"https:\/\/caoduzir.com\/blog\/#website","url":"https:\/\/caoduzir.com\/blog\/","name":"Let\u00edcia Neri","description":"Let\u00edcia Neri Adestradora de c\u00e3es","publisher":{"@id":"https:\/\/caoduzir.com\/blog\/#organization"},"potentialAction":[{"@type":"SearchAction","target":{"@type":"EntryPoint","urlTemplate":"https:\/\/caoduzir.com\/blog\/?s={search_term_string}"},"query-input":"required name=search_term_string"}],"inLanguage":"pt-BR"},{"@type":"Organization","@id":"https:\/\/caoduzir.com\/blog\/#organization","name":"Caoduzir","url":"https:\/\/caoduzir.com\/blog\/","logo":{"@type":"ImageObject","inLanguage":"pt-BR","@id":"https:\/\/caoduzir.com\/blog\/#\/schema\/logo\/image\/","url":"https:\/\/caoduzir.com\/blog\/wp-content\/uploads\/2017\/09\/logo.png","contentUrl":"https:\/\/caoduzir.com\/blog\/wp-content\/uploads\/2017\/09\/logo.png","width":103,"height":70,"caption":"Caoduzir"},"image":{"@id":"https:\/\/caoduzir.com\/blog\/#\/schema\/logo\/image\/"},"sameAs":["https:\/\/www.facebook.com\/Caoduzir\/","https:\/\/www.instagram.com\/caoduzir\/","https:\/\/www.youtube.com\/channel\/UCiYwm1-aWPVA9w5tYTR2Npw"]}]}},"_links":{"self":[{"href":"https:\/\/caoduzir.com\/blog\/wp-json\/wp\/v2\/pages\/483"}],"collection":[{"href":"https:\/\/caoduzir.com\/blog\/wp-json\/wp\/v2\/pages"}],"about":[{"href":"https:\/\/caoduzir.com\/blog\/wp-json\/wp\/v2\/types\/page"}],"author":[{"embeddable":true,"href":"https:\/\/caoduzir.com\/blog\/wp-json\/wp\/v2\/users\/1"}],"replies":[{"embeddable":true,"href":"https:\/\/caoduzir.com\/blog\/wp-json\/wp\/v2\/comments?post=483"}],"version-history":[{"count":20,"href":"https:\/\/caoduzir.com\/blog\/wp-json\/wp\/v2\/pages\/483\/revisions"}],"predecessor-version":[{"id":555,"href":"https:\/\/caoduzir.com\/blog\/wp-json\/wp\/v2\/pages\/483\/revisions\/555"}],"wp:attachment":[{"href":"https:\/\/caoduzir.com\/blog\/wp-json\/wp\/v2\/media?parent=483"}],"curies":[{"name":"wp","href":"https:\/\/api.w.org\/{rel}","templated":true}]}}