{"id":70,"date":"2017-09-11T18:53:53","date_gmt":"2017-09-11T21:53:53","guid":{"rendered":"https:\/\/caoduzir.com\/blog\/?page_id=70"},"modified":"2022-10-21T14:22:07","modified_gmt":"2022-10-21T17:22:07","slug":"contato","status":"publish","type":"page","link":"https:\/\/caoduzir.com\/blog\/contato\/","title":{"rendered":"Contato"},"content":{"rendered":"<p>Let\u00edcia Neri Adestradora<\/p>\n<p>whatsapp<\/p>\n<p>+55 48 988393737<\/p>\n<p>+351 912 274 386 Roberto<\/p>\n<p>+351 913 135 523 Let\u00edcia<\/p>\n<p>Florian\u00f3polis, SC e Lisboa, PT<\/p>\n<h3>Formul\u00e1rio de Contato<\/h3>\n\n<div class=\"wpcf7 no-js\" id=\"wpcf7-f205-o1\" lang=\"pt-BR\" dir=\"ltr\">\n<div class=\"screen-reader-response\"><p role=\"status\" aria-live=\"polite\" aria-atomic=\"true\"><\/p> <ul><\/ul><\/div>\n<form action=\"\/blog\/wp-json\/wp\/v2\/pages\/70#wpcf7-f205-o1\" method=\"post\" class=\"wpcf7-form init\" aria-label=\"Formul\u00e1rios de contato\" novalidate=\"novalidate\" data-status=\"init\">\n<div style=\"display: none;\">\n<input type=\"hidden\" name=\"_wpcf7\" value=\"205\" \/>\n<input type=\"hidden\" name=\"_wpcf7_version\" value=\"5.9.3\" \/>\n<input type=\"hidden\" name=\"_wpcf7_locale\" value=\"pt_BR\" \/>\n<input type=\"hidden\" name=\"_wpcf7_unit_tag\" value=\"wpcf7-f205-o1\" \/>\n<input type=\"hidden\" name=\"_wpcf7_container_post\" value=\"0\" \/>\n<input type=\"hidden\" name=\"_wpcf7_posted_data_hash\" value=\"\" \/>\n<\/div>\n<p><label> Seu nome (obrigat\u00f3rio)<br \/>\n<span class=\"wpcf7-form-control-wrap\" data-name=\"your-name\"><input size=\"40\" class=\"wpcf7-form-control wpcf7-text wpcf7-validates-as-required\" aria-required=\"true\" aria-invalid=\"false\" value=\"\" type=\"text\" name=\"your-name\" \/><\/span> <\/label>\n<\/p>\n<p><label> Seu e-mail (obrigat\u00f3rio)<br \/>\n<span class=\"wpcf7-form-control-wrap\" data-name=\"your-email\"><input size=\"40\" class=\"wpcf7-form-control wpcf7-email wpcf7-validates-as-required wpcf7-text wpcf7-validates-as-email\" aria-required=\"true\" aria-invalid=\"false\" value=\"\" type=\"email\" name=\"your-email\" \/><\/span> <\/label>\n<\/p>\n<p><label> Assunto<br \/>\n<span class=\"wpcf7-form-control-wrap\" data-name=\"your-subject\"><input size=\"40\" class=\"wpcf7-form-control wpcf7-text\" aria-invalid=\"false\" value=\"\" type=\"text\" name=\"your-subject\" \/><\/span> <\/label>\n<\/p>\n<p><label> Sua mensagem<br \/>\n<span class=\"wpcf7-form-control-wrap\" data-name=\"your-message\"><textarea cols=\"40\" rows=\"10\" class=\"wpcf7-form-control wpcf7-textarea\" aria-invalid=\"false\" name=\"your-message\"><\/textarea><\/span> <\/label>\n<\/p>\n<p><input class=\"wpcf7-form-control wpcf7-submit has-spinner\" type=\"submit\" value=\"Enviar\" \/>\n<\/p><p style=\"display: none !important;\" class=\"akismet-fields-container\" data-prefix=\"_wpcf7_ak_\"><label>&#916;<textarea name=\"_wpcf7_ak_hp_textarea\" cols=\"45\" rows=\"8\" maxlength=\"100\"><\/textarea><\/label><input type=\"hidden\" id=\"ak_js_1\" name=\"_wpcf7_ak_js\" value=\"95\"\/><script type=\"text\/javascript\">\n\/* <![CDATA[ *\/\ndocument.getElementById( \"ak_js_1\" ).setAttribute( \"value\", ( new Date() ).getTime() );\n\/* ]]> *\/\n<\/script>\n<\/p><div class=\"wpcf7-response-output\" aria-hidden=\"true\"><\/div>\n<\/form>\n<\/div>\n\n","protected":false},"excerpt":{"rendered":"<p>Let\u00edcia Neri Adestradora whatsapp +55 48 988393737 +351 912 274 386 Roberto +351 913 135 523 Let\u00edcia Florian\u00f3polis, SC e Lisboa, PT Formul\u00e1rio de Contato<\/p>\n","protected":false},"author":1,"featured_media":0,"parent":0,"menu_order":3,"comment_status":"closed","ping_status":"closed","template":"","meta":{"_monsterinsights_skip_tracking":false,"_monsterinsights_sitenote_active":false,"_monsterinsights_sitenote_note":"","_monsterinsights_sitenote_category":0,"episode_type":"","audio_file":"","podmotor_file_id":"","podmotor_episode_id":"","cover_image":"","cover_image_id":"","duration":"","filesize":"","filesize_raw":"","date_recorded":"","explicit":"","block":"","itunes_episode_number":"","itunes_title":"","itunes_season_number":"","itunes_episode_type":"","footnotes":""},"yoast_head":"<!-- This site is optimized with the Yoast SEO plugin v22.3 - https:\/\/yoast.com\/wordpress\/plugins\/seo\/ -->\n<title>Contato | Let\u00edcia Neri<\/title>\n<meta name=\"description\" content=\"Nossa metodologia de adestramento n\u00e3o utiliza de subterf\u00fagios, vamos na raiz dos problemas, n\u00e3o perca mais tempo nem dinheiro, fa\u00e7a uma avalia\u00e7\u00e3o.\" \/>\n<meta name=\"robots\" content=\"index, follow, max-snippet:-1, max-image-preview:large, max-video-preview:-1\" \/>\n<link rel=\"canonical\" href=\"https:\/\/caoduzir.com\/blog\/contato\/\" \/>\n<meta property=\"og:locale\" content=\"pt_BR\" \/>\n<meta property=\"og:type\" content=\"article\" \/>\n<meta property=\"og:title\" content=\"Contato | Let\u00edcia Neri\" \/>\n<meta property=\"og:description\" content=\"Nossa metodologia de adestramento n\u00e3o utiliza de subterf\u00fagios, vamos na raiz dos problemas, n\u00e3o perca mais tempo nem dinheiro, fa\u00e7a uma avalia\u00e7\u00e3o.\" \/>\n<meta property=\"og:url\" content=\"https:\/\/caoduzir.com\/blog\/contato\/\" \/>\n<meta property=\"og:site_name\" content=\"Let\u00edcia Neri\" \/>\n<meta property=\"article:publisher\" content=\"https:\/\/www.facebook.com\/Caoduzir\/\" \/>\n<meta property=\"article:modified_time\" content=\"2022-10-21T17:22:07+00:00\" \/>\n<meta name=\"twitter:card\" content=\"summary_large_image\" \/>\n<meta name=\"twitter:label1\" content=\"Est. tempo de leitura\" \/>\n\t<meta name=\"twitter:data1\" content=\"1 minuto\" \/>\n<script type=\"application\/ld+json\" class=\"yoast-schema-graph\">{\"@context\":\"https:\/\/schema.org\",\"@graph\":[{\"@type\":\"WebPage\",\"@id\":\"https:\/\/caoduzir.com\/blog\/contato\/\",\"url\":\"https:\/\/caoduzir.com\/blog\/contato\/\",\"name\":\"Contato | Let\u00edcia Neri\",\"isPartOf\":{\"@id\":\"https:\/\/caoduzir.com\/blog\/#website\"},\"datePublished\":\"2017-09-11T21:53:53+00:00\",\"dateModified\":\"2022-10-21T17:22:07+00:00\",\"description\":\"Nossa metodologia de adestramento n\u00e3o utiliza de subterf\u00fagios, vamos na raiz dos problemas, n\u00e3o perca mais tempo nem dinheiro, fa\u00e7a uma avalia\u00e7\u00e3o.\",\"breadcrumb\":{\"@id\":\"https:\/\/caoduzir.com\/blog\/contato\/#breadcrumb\"},\"inLanguage\":\"pt-BR\",\"potentialAction\":[{\"@type\":\"ReadAction\",\"target\":[\"https:\/\/caoduzir.com\/blog\/contato\/\"]}]},{\"@type\":\"BreadcrumbList\",\"@id\":\"https:\/\/caoduzir.com\/blog\/contato\/#breadcrumb\",\"itemListElement\":[{\"@type\":\"ListItem\",\"position\":1,\"name\":\"In\u00edcio\",\"item\":\"https:\/\/caoduzir.com\/blog\/\"},{\"@type\":\"ListItem\",\"position\":2,\"name\":\"Contato\"}]},{\"@type\":\"WebSite\",\"@id\":\"https:\/\/caoduzir.com\/blog\/#website\",\"url\":\"https:\/\/caoduzir.com\/blog\/\",\"name\":\"Let\u00edcia Neri\",\"description\":\"Let\u00edcia Neri Adestradora de c\u00e3es\",\"publisher\":{\"@id\":\"https:\/\/caoduzir.com\/blog\/#organization\"},\"potentialAction\":[{\"@type\":\"SearchAction\",\"target\":{\"@type\":\"EntryPoint\",\"urlTemplate\":\"https:\/\/caoduzir.com\/blog\/?s={search_term_string}\"},\"query-input\":\"required name=search_term_string\"}],\"inLanguage\":\"pt-BR\"},{\"@type\":\"Organization\",\"@id\":\"https:\/\/caoduzir.com\/blog\/#organization\",\"name\":\"Caoduzir\",\"url\":\"https:\/\/caoduzir.com\/blog\/\",\"logo\":{\"@type\":\"ImageObject\",\"inLanguage\":\"pt-BR\",\"@id\":\"https:\/\/caoduzir.com\/blog\/#\/schema\/logo\/image\/\",\"url\":\"https:\/\/caoduzir.com\/blog\/wp-content\/uploads\/2017\/09\/logo.png\",\"contentUrl\":\"https:\/\/caoduzir.com\/blog\/wp-content\/uploads\/2017\/09\/logo.png\",\"width\":103,\"height\":70,\"caption\":\"Caoduzir\"},\"image\":{\"@id\":\"https:\/\/caoduzir.com\/blog\/#\/schema\/logo\/image\/\"},\"sameAs\":[\"https:\/\/www.facebook.com\/Caoduzir\/\",\"https:\/\/www.instagram.com\/caoduzir\/\",\"https:\/\/www.youtube.com\/channel\/UCiYwm1-aWPVA9w5tYTR2Npw\"]}]}<\/script>\n<!-- \/ Yoast SEO plugin. -->","yoast_head_json":{"title":"Contato | Let\u00edcia Neri","description":"Nossa metodologia de adestramento n\u00e3o utiliza de subterf\u00fagios, vamos na raiz dos problemas, n\u00e3o perca mais tempo nem dinheiro, fa\u00e7a uma avalia\u00e7\u00e3o.","robots":{"index":"index","follow":"follow","max-snippet":"max-snippet:-1","max-image-preview":"max-image-preview:large","max-video-preview":"max-video-preview:-1"},"canonical":"https:\/\/caoduzir.com\/blog\/contato\/","og_locale":"pt_BR","og_type":"article","og_title":"Contato | Let\u00edcia Neri","og_description":"Nossa metodologia de adestramento n\u00e3o utiliza de subterf\u00fagios, vamos na raiz dos problemas, n\u00e3o perca mais tempo nem dinheiro, fa\u00e7a uma avalia\u00e7\u00e3o.","og_url":"https:\/\/caoduzir.com\/blog\/contato\/","og_site_name":"Let\u00edcia Neri","article_publisher":"https:\/\/www.facebook.com\/Caoduzir\/","article_modified_time":"2022-10-21T17:22:07+00:00","twitter_card":"summary_large_image","twitter_misc":{"Est. tempo de leitura":"1 minuto"},"schema":{"@context":"https:\/\/schema.org","@graph":[{"@type":"WebPage","@id":"https:\/\/caoduzir.com\/blog\/contato\/","url":"https:\/\/caoduzir.com\/blog\/contato\/","name":"Contato | Let\u00edcia Neri","isPartOf":{"@id":"https:\/\/caoduzir.com\/blog\/#website"},"datePublished":"2017-09-11T21:53:53+00:00","dateModified":"2022-10-21T17:22:07+00:00","description":"Nossa metodologia de adestramento n\u00e3o utiliza de subterf\u00fagios, vamos na raiz dos problemas, n\u00e3o perca mais tempo nem dinheiro, fa\u00e7a uma avalia\u00e7\u00e3o.","breadcrumb":{"@id":"https:\/\/caoduzir.com\/blog\/contato\/#breadcrumb"},"inLanguage":"pt-BR","potentialAction":[{"@type":"ReadAction","target":["https:\/\/caoduzir.com\/blog\/contato\/"]}]},{"@type":"BreadcrumbList","@id":"https:\/\/caoduzir.com\/blog\/contato\/#breadcrumb","itemListElement":[{"@type":"ListItem","position":1,"name":"In\u00edcio","item":"https:\/\/caoduzir.com\/blog\/"},{"@type":"ListItem","position":2,"name":"Contato"}]},{"@type":"WebSite","@id":"https:\/\/caoduzir.com\/blog\/#website","url":"https:\/\/caoduzir.com\/blog\/","name":"Let\u00edcia Neri","description":"Let\u00edcia Neri Adestradora de c\u00e3es","publisher":{"@id":"https:\/\/caoduzir.com\/blog\/#organization"},"potentialAction":[{"@type":"SearchAction","target":{"@type":"EntryPoint","urlTemplate":"https:\/\/caoduzir.com\/blog\/?s={search_term_string}"},"query-input":"required name=search_term_string"}],"inLanguage":"pt-BR"},{"@type":"Organization","@id":"https:\/\/caoduzir.com\/blog\/#organization","name":"Caoduzir","url":"https:\/\/caoduzir.com\/blog\/","logo":{"@type":"ImageObject","inLanguage":"pt-BR","@id":"https:\/\/caoduzir.com\/blog\/#\/schema\/logo\/image\/","url":"https:\/\/caoduzir.com\/blog\/wp-content\/uploads\/2017\/09\/logo.png","contentUrl":"https:\/\/caoduzir.com\/blog\/wp-content\/uploads\/2017\/09\/logo.png","width":103,"height":70,"caption":"Caoduzir"},"image":{"@id":"https:\/\/caoduzir.com\/blog\/#\/schema\/logo\/image\/"},"sameAs":["https:\/\/www.facebook.com\/Caoduzir\/","https:\/\/www.instagram.com\/caoduzir\/","https:\/\/www.youtube.com\/channel\/UCiYwm1-aWPVA9w5tYTR2Npw"]}]}},"_links":{"self":[{"href":"https:\/\/caoduzir.com\/blog\/wp-json\/wp\/v2\/pages\/70"}],"collection":[{"href":"https:\/\/caoduzir.com\/blog\/wp-json\/wp\/v2\/pages"}],"about":[{"href":"https:\/\/caoduzir.com\/blog\/wp-json\/wp\/v2\/types\/page"}],"author":[{"embeddable":true,"href":"https:\/\/caoduzir.com\/blog\/wp-json\/wp\/v2\/users\/1"}],"replies":[{"embeddable":true,"href":"https:\/\/caoduzir.com\/blog\/wp-json\/wp\/v2\/comments?post=70"}],"version-history":[{"count":6,"href":"https:\/\/caoduzir.com\/blog\/wp-json\/wp\/v2\/pages\/70\/revisions"}],"predecessor-version":[{"id":653,"href":"https:\/\/caoduzir.com\/blog\/wp-json\/wp\/v2\/pages\/70\/revisions\/653"}],"wp:attachment":[{"href":"https:\/\/caoduzir.com\/blog\/wp-json\/wp\/v2\/media?parent=70"}],"curies":[{"name":"wp","href":"https:\/\/api.w.org\/{rel}","templated":true}]}}