{"id":703,"date":"2026-04-24T10:31:18","date_gmt":"2026-04-24T13:31:18","guid":{"rendered":"https:\/\/caoduzir.com\/blog\/?page_id=703"},"modified":"2026-04-24T11:29:14","modified_gmt":"2026-04-24T14:29:14","slug":"baixar-pdf-passeio-prazeroso-com-seu-cao","status":"publish","type":"page","link":"https:\/\/caoduzir.com\/blog\/baixar-pdf-passeio-prazeroso-com-seu-cao\/","title":{"rendered":"baixar PDF passeio &#8211; prazeroso com seu c\u00e3o"},"content":{"rendered":"<div class=\"wpcf7 no-js\" id=\"wpcf7-f702-o1\" lang=\"pt-BR\" dir=\"ltr\">\n<div class=\"screen-reader-response\">\n<p role=\"status\" aria-live=\"polite\" aria-atomic=\"true\"><\/p> <ul><\/ul>\n<\/div>\n<form action=\"\/blog\/wp-json\/wp\/v2\/pages\/703#wpcf7-f702-o1\" method=\"post\" class=\"wpcf7-form init\" aria-label=\"Formul&aacute;rios de contato\" novalidate=\"novalidate\" data-status=\"init\">\n<label class=\"ebd_input\"><input type=\"hidden\" name=\"ebd_downloads[]\" value=\"699|Caminhadas prazerosas com o seu c&atilde;o sem pux&otilde;es e sem estresse\"> <\/label><input type=\"hidden\" class=\"ebd_setting\" name=\"ebd_settings[]\" value=\"title|Caminhadas prazerosas com o seu c&Atilde;&pound;o sem pux&Atilde;&micro;es e sem estresse\"><input type=\"hidden\" class=\"ebd_setting\" name=\"ebd_settings[]\" value=\"delivered_as|both\"><input type=\"hidden\" class=\"ebd_setting\" name=\"ebd_settings[]\" value=\"hide_form|no\"><input type=\"hidden\" class=\"ebd_setting\" name=\"ebd_settings[]\" value=\"radio|no\"><input type=\"hidden\" class=\"ebd_setting\" name=\"ebd_settings[]\" value=\"from_email|leticianeri@caoduzir.com\"><input type=\"hidden\" class=\"ebd_setting\" name=\"ebd_settings[]\" value=\"from_name|leticianeri@caoduzir.com\"><input type=\"hidden\" class=\"ebd_setting\" name=\"ebd_settings[]\" value=\"link_format|_self\"><input type=\"hidden\" class=\"ebd_setting\" name=\"ebd_settings[]\" value=\"file_thumbnail|no\"><input type=\"hidden\" class=\"ebd_setting\" name=\"ebd_settings[]\" value=\"item_id|7\"><input type=\"hidden\" class=\"ebd_setting\" name=\"ebd_settings[]\" value=\"form_id|wpcf7-f702-o1\"><div style=\"display: none;\">\n<input type=\"hidden\" name=\"_wpcf7\" value=\"702\">\n<input type=\"hidden\" name=\"_wpcf7_version\" value=\"5.9.3\">\n<input type=\"hidden\" name=\"_wpcf7_locale\" value=\"pt_BR\">\n<input type=\"hidden\" name=\"_wpcf7_unit_tag\" value=\"wpcf7-f702-o1\">\n<input type=\"hidden\" name=\"_wpcf7_container_post\" value=\"0\">\n<input type=\"hidden\" name=\"_wpcf7_posted_data_hash\" value=\"\">\n<\/div>\n<p><label> Seu nome<br>\n<span class=\"wpcf7-form-control-wrap\" data-name=\"your-name\"><input size=\"40\" class=\"wpcf7-form-control wpcf7-text wpcf7-validates-as-required\" autocomplete=\"name\" aria-required=\"true\" aria-invalid=\"false\" value=\"\" type=\"text\" name=\"your-name\"><\/span> <\/label>\n<\/p>\n<p><span class=\"wpcf7-form-control-wrap\" data-name=\"NumerodeTelemvel\"><input size=\"40\" class=\"wpcf7-form-control wpcf7-text wpcf7-validates-as-required\" aria-required=\"true\" aria-invalid=\"false\" placeholder=\"C&oacute;digo +XXx + N&uacute;mero\" value=\"\" type=\"text\" name=\"NumerodeTelemvel\"><\/span>\n<\/p>\n<p><label> Seu e-mail<br>\n<span class=\"wpcf7-form-control-wrap\" data-name=\"your-email\"><input size=\"40\" class=\"wpcf7-form-control wpcf7-email wpcf7-validates-as-required wpcf7-text wpcf7-validates-as-email\" autocomplete=\"email\" aria-required=\"true\" aria-invalid=\"false\" value=\"\" type=\"email\" name=\"your-email\"><\/span> <\/label>\n<\/p>\n<p><input class=\"wpcf7-form-control wpcf7-submit has-spinner\" type=\"submit\" value=\"Enviar\">\n<\/p>\n<p>Este formul&aacute;rio usa Akismet para reduzir spam. <a target=\"_blank\" rel=\"nofollow noopener\" href=\"https:\/\/akismet.com\/privacy\/\">Descubra como seus dados s&atilde;o processados.<\/a>\n<\/p>\n<p style=\"display: none !important;\" class=\"akismet-fields-container\" data-prefix=\"_wpcf7_ak_\"><label>&Delta;<textarea name=\"_wpcf7_ak_hp_textarea\" cols=\"45\" rows=\"8\" maxlength=\"100\"><\/textarea><\/label><input type=\"hidden\" id=\"ak_js_1\" name=\"_wpcf7_ak_js\" value=\"167\"><script type=\"text\/javascript\">\n\/* <![CDATA[ *\/\ndocument.getElementById( \"ak_js_1\" ).setAttribute( \"value\", ( new Date() ).getTime() );\n\/* ]]> *\/\n<\/script>\n<\/p>\n<div class=\"wpcf7-response-output\" aria-hidden=\"true\"><\/div>\n<\/form>\n<\/div>\n\n\n\n\n<p><\/p>\n\n\n\n<p><\/p>\n","protected":false},"excerpt":{"rendered":"","protected":false},"author":1,"featured_media":0,"parent":0,"menu_order":0,"comment_status":"closed","ping_status":"closed","template":"","meta":{"_monsterinsights_skip_tracking":false,"_monsterinsights_sitenote_active":false,"_monsterinsights_sitenote_note":"","_monsterinsights_sitenote_category":0,"episode_type":"","audio_file":"","podmotor_file_id":"","podmotor_episode_id":"","cover_image":"","cover_image_id":"","duration":"","filesize":"","filesize_raw":"","date_recorded":"","explicit":"","block":"","itunes_episode_number":"","itunes_title":"","itunes_season_number":"","itunes_episode_type":"","footnotes":""},"yoast_head":"<!-- This site is optimized with the Yoast SEO plugin v22.3 - https:\/\/yoast.com\/wordpress\/plugins\/seo\/ -->\n<title>baixar PDF passeio - prazeroso com seu c\u00e3o | Let\u00edcia Neri<\/title>\n<meta name=\"robots\" content=\"index, follow, max-snippet:-1, max-image-preview:large, max-video-preview:-1\" \/>\n<link rel=\"canonical\" href=\"https:\/\/caoduzir.com\/blog\/baixar-pdf-passeio-prazeroso-com-seu-cao\/\" \/>\n<meta property=\"og:locale\" content=\"pt_BR\" \/>\n<meta property=\"og:type\" content=\"article\" \/>\n<meta property=\"og:title\" content=\"baixar PDF passeio - prazeroso com seu c\u00e3o | Let\u00edcia Neri\" \/>\n<meta property=\"og:url\" content=\"https:\/\/caoduzir.com\/blog\/baixar-pdf-passeio-prazeroso-com-seu-cao\/\" \/>\n<meta property=\"og:site_name\" content=\"Let\u00edcia Neri\" \/>\n<meta property=\"article:publisher\" content=\"https:\/\/www.facebook.com\/Caoduzir\/\" \/>\n<meta property=\"article:modified_time\" content=\"2026-04-24T14:29:14+00:00\" \/>\n<meta name=\"twitter:card\" content=\"summary_large_image\" \/>\n<meta name=\"twitter:label1\" content=\"Est. tempo de leitura\" \/>\n\t<meta name=\"twitter:data1\" content=\"1 minuto\" \/>\n<script type=\"application\/ld+json\" class=\"yoast-schema-graph\">{\"@context\":\"https:\/\/schema.org\",\"@graph\":[{\"@type\":\"WebPage\",\"@id\":\"https:\/\/caoduzir.com\/blog\/baixar-pdf-passeio-prazeroso-com-seu-cao\/\",\"url\":\"https:\/\/caoduzir.com\/blog\/baixar-pdf-passeio-prazeroso-com-seu-cao\/\",\"name\":\"baixar PDF passeio - prazeroso com seu c\u00e3o | Let\u00edcia Neri\",\"isPartOf\":{\"@id\":\"https:\/\/caoduzir.com\/blog\/#website\"},\"datePublished\":\"2026-04-24T13:31:18+00:00\",\"dateModified\":\"2026-04-24T14:29:14+00:00\",\"breadcrumb\":{\"@id\":\"https:\/\/caoduzir.com\/blog\/baixar-pdf-passeio-prazeroso-com-seu-cao\/#breadcrumb\"},\"inLanguage\":\"pt-BR\",\"potentialAction\":[{\"@type\":\"ReadAction\",\"target\":[\"https:\/\/caoduzir.com\/blog\/baixar-pdf-passeio-prazeroso-com-seu-cao\/\"]}]},{\"@type\":\"BreadcrumbList\",\"@id\":\"https:\/\/caoduzir.com\/blog\/baixar-pdf-passeio-prazeroso-com-seu-cao\/#breadcrumb\",\"itemListElement\":[{\"@type\":\"ListItem\",\"position\":1,\"name\":\"In\u00edcio\",\"item\":\"https:\/\/caoduzir.com\/blog\/\"},{\"@type\":\"ListItem\",\"position\":2,\"name\":\"baixar PDF passeio &#8211; prazeroso com seu c\u00e3o\"}]},{\"@type\":\"WebSite\",\"@id\":\"https:\/\/caoduzir.com\/blog\/#website\",\"url\":\"https:\/\/caoduzir.com\/blog\/\",\"name\":\"Let\u00edcia Neri\",\"description\":\"Let\u00edcia Neri Adestradora de c\u00e3es\",\"publisher\":{\"@id\":\"https:\/\/caoduzir.com\/blog\/#organization\"},\"potentialAction\":[{\"@type\":\"SearchAction\",\"target\":{\"@type\":\"EntryPoint\",\"urlTemplate\":\"https:\/\/caoduzir.com\/blog\/?s={search_term_string}\"},\"query-input\":\"required name=search_term_string\"}],\"inLanguage\":\"pt-BR\"},{\"@type\":\"Organization\",\"@id\":\"https:\/\/caoduzir.com\/blog\/#organization\",\"name\":\"Caoduzir\",\"url\":\"https:\/\/caoduzir.com\/blog\/\",\"logo\":{\"@type\":\"ImageObject\",\"inLanguage\":\"pt-BR\",\"@id\":\"https:\/\/caoduzir.com\/blog\/#\/schema\/logo\/image\/\",\"url\":\"https:\/\/caoduzir.com\/blog\/wp-content\/uploads\/2017\/09\/logo.png\",\"contentUrl\":\"https:\/\/caoduzir.com\/blog\/wp-content\/uploads\/2017\/09\/logo.png\",\"width\":103,\"height\":70,\"caption\":\"Caoduzir\"},\"image\":{\"@id\":\"https:\/\/caoduzir.com\/blog\/#\/schema\/logo\/image\/\"},\"sameAs\":[\"https:\/\/www.facebook.com\/Caoduzir\/\",\"https:\/\/www.instagram.com\/caoduzir\/\",\"https:\/\/www.youtube.com\/channel\/UCiYwm1-aWPVA9w5tYTR2Npw\"]}]}<\/script>\n<!-- \/ Yoast SEO plugin. -->","yoast_head_json":{"title":"baixar PDF passeio - prazeroso com seu c\u00e3o | Let\u00edcia Neri","robots":{"index":"index","follow":"follow","max-snippet":"max-snippet:-1","max-image-preview":"max-image-preview:large","max-video-preview":"max-video-preview:-1"},"canonical":"https:\/\/caoduzir.com\/blog\/baixar-pdf-passeio-prazeroso-com-seu-cao\/","og_locale":"pt_BR","og_type":"article","og_title":"baixar PDF passeio - prazeroso com seu c\u00e3o | Let\u00edcia Neri","og_url":"https:\/\/caoduzir.com\/blog\/baixar-pdf-passeio-prazeroso-com-seu-cao\/","og_site_name":"Let\u00edcia Neri","article_publisher":"https:\/\/www.facebook.com\/Caoduzir\/","article_modified_time":"2026-04-24T14:29:14+00:00","twitter_card":"summary_large_image","twitter_misc":{"Est. tempo de leitura":"1 minuto"},"schema":{"@context":"https:\/\/schema.org","@graph":[{"@type":"WebPage","@id":"https:\/\/caoduzir.com\/blog\/baixar-pdf-passeio-prazeroso-com-seu-cao\/","url":"https:\/\/caoduzir.com\/blog\/baixar-pdf-passeio-prazeroso-com-seu-cao\/","name":"baixar PDF passeio - prazeroso com seu c\u00e3o | Let\u00edcia Neri","isPartOf":{"@id":"https:\/\/caoduzir.com\/blog\/#website"},"datePublished":"2026-04-24T13:31:18+00:00","dateModified":"2026-04-24T14:29:14+00:00","breadcrumb":{"@id":"https:\/\/caoduzir.com\/blog\/baixar-pdf-passeio-prazeroso-com-seu-cao\/#breadcrumb"},"inLanguage":"pt-BR","potentialAction":[{"@type":"ReadAction","target":["https:\/\/caoduzir.com\/blog\/baixar-pdf-passeio-prazeroso-com-seu-cao\/"]}]},{"@type":"BreadcrumbList","@id":"https:\/\/caoduzir.com\/blog\/baixar-pdf-passeio-prazeroso-com-seu-cao\/#breadcrumb","itemListElement":[{"@type":"ListItem","position":1,"name":"In\u00edcio","item":"https:\/\/caoduzir.com\/blog\/"},{"@type":"ListItem","position":2,"name":"baixar PDF passeio &#8211; prazeroso com seu c\u00e3o"}]},{"@type":"WebSite","@id":"https:\/\/caoduzir.com\/blog\/#website","url":"https:\/\/caoduzir.com\/blog\/","name":"Let\u00edcia Neri","description":"Let\u00edcia Neri Adestradora de c\u00e3es","publisher":{"@id":"https:\/\/caoduzir.com\/blog\/#organization"},"potentialAction":[{"@type":"SearchAction","target":{"@type":"EntryPoint","urlTemplate":"https:\/\/caoduzir.com\/blog\/?s={search_term_string}"},"query-input":"required name=search_term_string"}],"inLanguage":"pt-BR"},{"@type":"Organization","@id":"https:\/\/caoduzir.com\/blog\/#organization","name":"Caoduzir","url":"https:\/\/caoduzir.com\/blog\/","logo":{"@type":"ImageObject","inLanguage":"pt-BR","@id":"https:\/\/caoduzir.com\/blog\/#\/schema\/logo\/image\/","url":"https:\/\/caoduzir.com\/blog\/wp-content\/uploads\/2017\/09\/logo.png","contentUrl":"https:\/\/caoduzir.com\/blog\/wp-content\/uploads\/2017\/09\/logo.png","width":103,"height":70,"caption":"Caoduzir"},"image":{"@id":"https:\/\/caoduzir.com\/blog\/#\/schema\/logo\/image\/"},"sameAs":["https:\/\/www.facebook.com\/Caoduzir\/","https:\/\/www.instagram.com\/caoduzir\/","https:\/\/www.youtube.com\/channel\/UCiYwm1-aWPVA9w5tYTR2Npw"]}]}},"_links":{"self":[{"href":"https:\/\/caoduzir.com\/blog\/wp-json\/wp\/v2\/pages\/703"}],"collection":[{"href":"https:\/\/caoduzir.com\/blog\/wp-json\/wp\/v2\/pages"}],"about":[{"href":"https:\/\/caoduzir.com\/blog\/wp-json\/wp\/v2\/types\/page"}],"author":[{"embeddable":true,"href":"https:\/\/caoduzir.com\/blog\/wp-json\/wp\/v2\/users\/1"}],"replies":[{"embeddable":true,"href":"https:\/\/caoduzir.com\/blog\/wp-json\/wp\/v2\/comments?post=703"}],"version-history":[{"count":5,"href":"https:\/\/caoduzir.com\/blog\/wp-json\/wp\/v2\/pages\/703\/revisions"}],"predecessor-version":[{"id":713,"href":"https:\/\/caoduzir.com\/blog\/wp-json\/wp\/v2\/pages\/703\/revisions\/713"}],"wp:attachment":[{"href":"https:\/\/caoduzir.com\/blog\/wp-json\/wp\/v2\/media?parent=703"}],"curies":[{"name":"wp","href":"https:\/\/api.w.org\/{rel}","templated":true}]}}